{"id":12415,"date":"2023-01-07T20:10:55","date_gmt":"2023-01-07T17:10:55","guid":{"rendered":"https:\/\/www.ayyildizcanta.com.tr\/urun\/krambler-laptop-bag-gray\/"},"modified":"2023-01-07T20:10:55","modified_gmt":"2023-01-07T17:10:55","slug":"krambler-laptop-bag-gray","status":"publish","type":"product","link":"https:\/\/www.ayyildizcanta.com.tr\/en\/product\/krambler-laptop-bag-gray\/","title":{"rendered":"Krambler Laptop Bag Gray"},"content":{"rendered":"<h3 class=\"product_title entry-title wd-entities-title\">Krambler Laptop Bag Gray<\/h3>\n<p>\u2022 Notebook compartment padded with high-density foam.<br \/>\n\u2022 Front pocket for mobile accessories<br \/>\n\u2022 Removable, adjustable shoulder strap<br \/>\n\u2022 Luggage strap<br \/>\n\u2022 Soft-touch carrying handles<br \/>\n\u2022 High-quality plastic accessories.<br \/>\n\u2022 Type5 qualified zipper.<\/p>\n<p>Evrak \u00c7antas\u0131, G\u00fcnl\u00fck \u0130\u015f \u00c7antas\u0131, Ofis \u00c7antas\u0131, Omuz \u00c7antas\u0131, <strong><a href=\"https:\/\/www.ayyildizcanta.com.tr\/en\/urun-kategori\/laptop-bags\/\">Modern Laptop \u00c7antas\u0131<\/a><\/strong>, Urban Notebook \u00c7antas\u0131, Promosyon Evrak \u00c7antas\u0131, \u00d6zel Laptop \u00c7antas\u0131<\/p>\n<p>Turkish bag manufacturer, European bag manufacturer<br \/>\nMaterial: 100% Polyester Cationic fabric<br \/>\nColor: Gray<br \/>\nSize: 40x30x8cm<br \/>\nAvailable Sizes: 15.6\u201d<br \/>\nCapacity: 9.6L<br \/>\nWeight: 0.35 kg<br \/>\nLogo: Custom Logo<br \/>\nOrigin: Turkey<\/p>\n<p>The Krambler Laptop Bag Gray is made from high-quality, durable materials. Its specially designed design makes it ideal for protecting your laptop. We use carefully selected leather and polyester materials in this bag. It will also complement your style in gray. The production process is meticulously monitored, with quality controls performed at every stage. As a result, we offer you the highest quality product.     <\/p>\n","protected":false},"excerpt":{"rendered":"<p>\u2022 Notebook compartment padded with high-density foam.<br \/>\n\u2022 Front pocket for mobile accessories.<br \/>\n\u2022 Removable, adjustable shoulder strap.<br \/>\n\u2022 Luggage strap.<br \/>\n\u2022 Soft-touch carrying handles.<br \/>\n\u2022 High-quality plastic accessories.<br \/>\n\u2022 Type 5 zipper.<\/p>\n","protected":false},"featured_media":12416,"comment_status":"closed","ping_status":"closed","template":"","meta":[],"product_brand":[],"product_cat":[167,169,172,173],"product_tag":[],"class_list":{"0":"post-12415","1":"product","2":"type-product","3":"status-publish","4":"has-post-thumbnail","6":"product_cat-briefcase","7":"product_cat-laptop-bags","8":"product_cat-messenger-bag","9":"product_cat-promotional-bag","10":"pa_boyut-15-6","11":"pa_kapasite-96-litre","12":"pa_seri-krambler-en","14":"first","15":"instock","16":"shipping-taxable","17":"product-type-simple"},"_links":{"self":[{"href":"https:\/\/www.ayyildizcanta.com.tr\/en\/wp-json\/wp\/v2\/product\/12415","targetHints":{"allow":["GET"]}}],"collection":[{"href":"https:\/\/www.ayyildizcanta.com.tr\/en\/wp-json\/wp\/v2\/product"}],"about":[{"href":"https:\/\/www.ayyildizcanta.com.tr\/en\/wp-json\/wp\/v2\/types\/product"}],"replies":[{"embeddable":true,"href":"https:\/\/www.ayyildizcanta.com.tr\/en\/wp-json\/wp\/v2\/comments?post=12415"}],"version-history":[{"count":0,"href":"https:\/\/www.ayyildizcanta.com.tr\/en\/wp-json\/wp\/v2\/product\/12415\/revisions"}],"wp:featuredmedia":[{"embeddable":true,"href":"https:\/\/www.ayyildizcanta.com.tr\/en\/wp-json\/wp\/v2\/media\/12416"}],"wp:attachment":[{"href":"https:\/\/www.ayyildizcanta.com.tr\/en\/wp-json\/wp\/v2\/media?parent=12415"}],"wp:term":[{"taxonomy":"product_brand","embeddable":true,"href":"https:\/\/www.ayyildizcanta.com.tr\/en\/wp-json\/wp\/v2\/product_brand?post=12415"},{"taxonomy":"product_cat","embeddable":true,"href":"https:\/\/www.ayyildizcanta.com.tr\/en\/wp-json\/wp\/v2\/product_cat?post=12415"},{"taxonomy":"product_tag","embeddable":true,"href":"https:\/\/www.ayyildizcanta.com.tr\/en\/wp-json\/wp\/v2\/product_tag?post=12415"}],"curies":[{"name":"wp","href":"https:\/\/api.w.org\/{rel}","templated":true}]}}