{"id":12426,"date":"2023-01-07T20:10:55","date_gmt":"2023-01-07T17:10:55","guid":{"rendered":"https:\/\/www.ayyildizcanta.com.tr\/urun\/cn01-laptop-bag-black\/"},"modified":"2023-01-07T20:10:55","modified_gmt":"2023-01-07T17:10:55","slug":"cn01-laptop-bag-black","status":"publish","type":"product","link":"https:\/\/www.ayyildizcanta.com.tr\/en\/product\/cn01-laptop-bag-black\/","title":{"rendered":"CN01 Laptop Bag Black"},"content":{"rendered":"<h3>CN01 Laptop Bag Black<\/h3>\n<p>\u2022 Notebook compartment padded with high-density foam.<br \/>\n\u2022 Front pocket for mobile accessories<br \/>\n\u2022 Removable, adjustable shoulder strap<br \/>\n\u2022 Luggage strap<br \/>\n\u2022 Soft-touch carrying handles<br \/>\n\u2022 High-quality metal accessories.<br \/>\n\u2022 Type5 qualified zipper.<\/p>\n<p>Laptop Evrak \u00c7antas\u0131, Ofis \u00c7antas\u0131, \u0130\u015f \u00c7antas\u0131, Kapakl\u0131 Notebook Ta\u015f\u0131ma \u00c7antas\u0131, <a href=\"https:\/\/www.ayyildizcanta.com.tr\/en\/product\/cn01-laptop-bag-black\/\">Promosyon Evrak \u00c7antas\u0131<\/a>, \u00d6zel Laptop \u00c7antas\u0131, Siyah 15,6\u201d Bilgisayar \u00c7antas\u0131,<\/p>\n<p>Turkish bag manufacturer, European bag manufacturer<br \/>\nMaterial: 100% Polyester Cationic fabric<br \/>\nColor: Black<br \/>\nSize: 40x28x7cm<br \/>\nAvailable Sizes: 15.6\u201d<br \/>\nCapacity: 7.85 liters<br \/>\nWeight: 0.95 kg<br \/>\nLogo: Custom Logo<br \/>\nOrigin: Turkey<\/p>\n<p>The CN01 Laptop Bag is made from high-quality, durable materials. Its specially designed design makes it ideal for protecting your laptop. We use carefully selected leather and polyester materials in this bag. The production process is meticulously monitored, with quality <a href=\"https:\/\/www.ayyildizcanta.com.tr\/en\/urun-kategori\/laptop-bags\/\">controls conducted <\/a>at every stage. As a result, we offer you the highest quality product.   <\/p>\n","protected":false},"excerpt":{"rendered":"<p>\u2022 Y\u00fcksek yo\u011funluklu k\u00f6p\u00fck ile dolgulu defter b\u00f6lmesi.<br \/>\n\u2022 Mobil aksesuarlar i\u00e7in \u00f6n cep<br \/>\n\u2022 \u00c7\u0131kar\u0131labilir, ayarlanabilir omuz ask\u0131s\u0131<br \/>\n\u2022 Bagaj kay\u0131\u015f\u0131<br \/>\n\u2022 Yumu\u015fak dokunu\u015flu ta\u015f\u0131ma kollar\u0131<br \/>\n\u2022 Y\u00fcksek kaliteli metal aksesuarlar.<br \/>\n\u2022 Type5 nitelikli fermuar.<\/p>\n","protected":false},"featured_media":12427,"comment_status":"closed","ping_status":"closed","template":"","meta":[],"product_brand":[],"product_cat":[167,169,172,173],"product_tag":[],"class_list":{"0":"post-12426","1":"product","2":"type-product","3":"status-publish","4":"has-post-thumbnail","6":"product_cat-briefcase","7":"product_cat-laptop-bags","8":"product_cat-messenger-bag","9":"product_cat-promotional-bag","10":"pa_boyut-15-6","11":"pa_kapasite-785-litre","12":"pa_seri-cn01-en","14":"first","15":"instock","16":"shipping-taxable","17":"product-type-simple"},"_links":{"self":[{"href":"https:\/\/www.ayyildizcanta.com.tr\/en\/wp-json\/wp\/v2\/product\/12426","targetHints":{"allow":["GET"]}}],"collection":[{"href":"https:\/\/www.ayyildizcanta.com.tr\/en\/wp-json\/wp\/v2\/product"}],"about":[{"href":"https:\/\/www.ayyildizcanta.com.tr\/en\/wp-json\/wp\/v2\/types\/product"}],"replies":[{"embeddable":true,"href":"https:\/\/www.ayyildizcanta.com.tr\/en\/wp-json\/wp\/v2\/comments?post=12426"}],"version-history":[{"count":0,"href":"https:\/\/www.ayyildizcanta.com.tr\/en\/wp-json\/wp\/v2\/product\/12426\/revisions"}],"wp:featuredmedia":[{"embeddable":true,"href":"https:\/\/www.ayyildizcanta.com.tr\/en\/wp-json\/wp\/v2\/media\/12427"}],"wp:attachment":[{"href":"https:\/\/www.ayyildizcanta.com.tr\/en\/wp-json\/wp\/v2\/media?parent=12426"}],"wp:term":[{"taxonomy":"product_brand","embeddable":true,"href":"https:\/\/www.ayyildizcanta.com.tr\/en\/wp-json\/wp\/v2\/product_brand?post=12426"},{"taxonomy":"product_cat","embeddable":true,"href":"https:\/\/www.ayyildizcanta.com.tr\/en\/wp-json\/wp\/v2\/product_cat?post=12426"},{"taxonomy":"product_tag","embeddable":true,"href":"https:\/\/www.ayyildizcanta.com.tr\/en\/wp-json\/wp\/v2\/product_tag?post=12426"}],"curies":[{"name":"wp","href":"https:\/\/api.w.org\/{rel}","templated":true}]}}